{"id":47,"date":"2021-08-01T15:56:38","date_gmt":"2021-08-01T13:56:38","guid":{"rendered":"http:\/\/sfpij.net\/?page_id=47"},"modified":"2023-01-15T16:07:12","modified_gmt":"2023-01-15T15:07:12","slug":"liens-utiles","status":"publish","type":"page","link":"https:\/\/sfpij.net\/index.php\/liens-utiles\/","title":{"rendered":"Liens utiles"},"content":{"rendered":"\n\n<ul>\n<li><a href=\"http:\/\/www.fpea.be\">www.fpea.be<\/a><\/li>\n<li><a href=\"http:\/\/www.waimhbl.be\">www.waimhbl.be<\/a><\/li>\n<li><a href=\"http:\/\/www.appijf.com\">www.appijf.com<\/a><\/li>\n<li><a href=\"http:\/\/www.aepea.org\">www.aepea.org<\/a><\/li>\n<li><a href=\"http:\/\/www.yapaka.be\">www.yapaka.be<\/a><\/li>\n<li><a href=\"http:\/\/www.iacapap.org\">www.iacapap.org<\/a><\/li>\n<li><a href=\"http:\/\/www.escap.eu\">www.escap.eu<\/a><\/li>\n<\/ul>\n\n\n<h2 class=\"wp-block-heading\">Site d\u2019aide \u00e0 la prescription pharmacologique<\/h2>\n\n\n\n<p>Nous vous proposons un site d\u00e9di\u00e9 aux conseils\u00a0\u00e0 la prescription pharmacologique mis \u00e0 disposition par la Soci\u00e9t\u00e9 Fran\u00e7aise de Psychiatrie de l\u2019Enfant et de l\u2019Adolescent et des Disciplines Associ\u00e9es (SFPEADA) \u00e0 l\u2019adresse suivante : <strong><a href=\"https:\/\/pharmacologie.sfpeada.fr\/\" target=\"_blank\" rel=\"noreferrer noopener\">PHARMACOLOGIE<\/a><\/strong><\/p>\n\n\n\n<p><em>Si le site contient des informations \u00e0 caract\u00e8re m\u00e9dical, il a \u00e9t\u00e9 volontairement dessin\u00e9 pour \u00eatre accessible \u00e0 tout professionnel ou personne int\u00e9ress\u00e9. En effet il est important que les connaissances valid\u00e9es sur les traitements pharmacologiques chez l\u2019enfant et l\u2019adolescent diffusent largement, la psycho\u00e9ducation \u00e9tant l\u2019une des composantes essentielles de l\u2019alliance th\u00e9rapeutique avec les familles et de l\u2019efficacit\u00e9 de nos interventions<\/em>.<\/p>\n\n\n\n<h2 class=\"wp-block-heading\">Manuel \u00e0 l\u2019usage des professionnels <\/h2>\n\n\n\n<p><a rel=\"noreferrer noopener\" href=\"https:\/\/www.rheseau.be\/decouvrez-le-petit-manuel-a-destination-des-professionnels-confrontes-a-un-enfant-dont-un-proche-est-en-souffrance-psychique\/\" target=\"_blank\">Acc\u00e8s en ligne<\/a> au manuel \u00e0 l\u2019usage des professionnels confront\u00e9s \u00e0 un enfant dont un proche est en souffrance psychique : <a rel=\"noreferrer noopener\" href=\"https:\/\/www.rheseau.be\/wp-content\/uploads\/2021\/12\/Petit-manuel-Creons-des-ponts.pdf\" target=\"_blank\"><strong>\u00ab\u00a0Cr\u00e9ons des ponts !\u00a0\u00bb<\/strong><\/a><\/p>\n\n\n\n<p>Merci au groupe de travail <em>\u00ab Parentalit\u00e9 fragilis\u00e9e \u00bb<\/em> dans le cadre du Programme de Consultation et de Liaison intersectorielle de <a rel=\"noreferrer noopener\" href=\"https:\/\/www.rheseau.be\/\" target=\"_blank\">RH<\/a><a href=\"https:\/\/www.rheseau.be\/\" target=\"_blank\" rel=\"noreferrer noopener\">\u00c9<\/a><a rel=\"noreferrer noopener\" href=\"https:\/\/www.rheseau.be\/\" target=\"_blank\">SEAU <\/a>!<\/p>\n\n\n\n<h2 class=\"wp-block-heading\">Ressources pour le TDAH (Trouble de d\u00e9ficit de l&rsquo;attention \/ hyperactivit\u00e9)<\/h2>\n\n\n\n<p>Trajet de soins TDA\/H : <a rel=\"noreferrer noopener\" href=\"https:\/\/www.adhd-traject.be\/fr\" target=\"_blank\"><strong>adhd-traject.be\/fr<\/strong><\/a><\/p>\n\n\n\n<h2 class=\"wp-block-heading\">Ressources pour le TSA (Trouble du spectre de l&rsquo;autisme)<\/h2>\n\n\n\n<p><strong>Reportage de \u00ab\u00a0Les \u00c9chos de Vacarme\u00a0\u00bb &#8211; Autisme : voir le monde autrement<\/strong><\/p>\n\n\n\n<p>5 reportages de Bastien Confino : <a rel=\"noreferrer noopener\" href=\"https:\/\/www.rts.ch\/audio-podcast\/2022\/audio\/les-echos-de-vacarme-autisme-voir-le-monde-autrement-25877357.html\" target=\"_blank\"><strong>Autisme: voir le monde autrement<\/strong><\/a><br><em><strong>Invit\u00e9.es<\/strong><\/em> :<br>Sylvie Sandeau<br>Diagnostiqu\u00e9e autiste Asperger \u00e0 l&rsquo;\u00e2ge adulte, apr\u00e8s des ann\u00e9es d&rsquo;errance m\u00e9dicale. Auteure de \u00a0\u00bb Celle qui souriait trop pour \u00eatre autiste \u00a0\u00bb aux \u00e9ditions Tchou.<br>&amp;<br>Pr Marie Schaer<br>M\u00e9decin p\u00e9dopsychiatre, responsable de la consultation \u00e0 la Fondation P\u00f4le Autisme et professeur \u00e0 la facult\u00e9 de m\u00e9decine de l&rsquo;universit\u00e9 de Gen\u00e8ve<\/p>\n\n\n\n<ul class=\"wp-block-list\"><li><a rel=\"noreferrer noopener\" href=\"https:\/\/www.rts.ch\/audio-podcast\/2022\/audio\/autisme-1-5-diagnostiquer-l-invisible-25875180.html\" target=\"_blank\">Autisme 1\/5 &#8211; Diagnostiquer l&rsquo;invisible<\/a><\/li><li><a rel=\"noreferrer noopener\" href=\"https:\/\/www.rts.ch\/audio-podcast\/2022\/audio\/autisme-2-5-besoin-d-explicite-25875626.html\" target=\"_blank\">Autisme 2\/5 &#8211; Besoin d\u02b9explicite<\/a><\/li><li><a rel=\"noreferrer noopener\" href=\"https:\/\/www.rts.ch\/audio-podcast\/2022\/audio\/autisme-3-5-routine-et-rituels-25876059.html\" target=\"_blank\">Autisme 3\/5 &#8211; Routine et rituels<\/a><\/li><li><a rel=\"noreferrer noopener\" href=\"https:\/\/www.rts.ch\/audio-podcast\/2022\/audio\/autisme-4-5-parlez-vous-lathene-25876463.html\" target=\"_blank\">Autisme 4\/5 &#8211; Parlez-vous \u00ab\u00a0lath\u00e8ne\u00a0\u00bb?<\/a><\/li><li><a rel=\"noreferrer noopener\" href=\"https:\/\/www.rts.ch\/audio-podcast\/2022\/audio\/autisme-5-5-sortir-de-sa-bulle-25876908.html\" target=\"_blank\">Autisme 5\/5 &#8211; Sortir de sa bulle<\/a><\/li><\/ul>\n","protected":false},"excerpt":{"rendered":"<p>www.fpea.be www.waimhbl.be www.appijf.com www.aepea.org www.yapaka.be www.iacapap.org www.escap.eu Site d\u2019aide \u00e0 la prescription pharmacologique Nous vous proposons un site d\u00e9di\u00e9 aux conseils\u00a0\u00e0 la prescription pharmacologique mis &hellip; <span class=\"ml-btn\"><a href=\"https:\/\/sfpij.net\/index.php\/liens-utiles\/\" class=\"more-link\">Read More<\/a><\/span><\/p>\n","protected":false},"author":1,"featured_media":0,"parent":0,"menu_order":5,"comment_status":"closed","ping_status":"closed","template":"","meta":{"footnotes":""},"class_list":["post-47","page","type-page","status-publish","hentry"],"_links":{"self":[{"href":"https:\/\/sfpij.net\/index.php\/wp-json\/wp\/v2\/pages\/47","targetHints":{"allow":["GET"]}}],"collection":[{"href":"https:\/\/sfpij.net\/index.php\/wp-json\/wp\/v2\/pages"}],"about":[{"href":"https:\/\/sfpij.net\/index.php\/wp-json\/wp\/v2\/types\/page"}],"author":[{"embeddable":true,"href":"https:\/\/sfpij.net\/index.php\/wp-json\/wp\/v2\/users\/1"}],"replies":[{"embeddable":true,"href":"https:\/\/sfpij.net\/index.php\/wp-json\/wp\/v2\/comments?post=47"}],"version-history":[{"count":13,"href":"https:\/\/sfpij.net\/index.php\/wp-json\/wp\/v2\/pages\/47\/revisions"}],"predecessor-version":[{"id":1065,"href":"https:\/\/sfpij.net\/index.php\/wp-json\/wp\/v2\/pages\/47\/revisions\/1065"}],"wp:attachment":[{"href":"https:\/\/sfpij.net\/index.php\/wp-json\/wp\/v2\/media?parent=47"}],"curies":[{"name":"wp","href":"https:\/\/api.w.org\/{rel}","templated":true}]}}