{"id":38,"date":"2021-08-01T15:36:34","date_gmt":"2021-08-01T13:36:34","guid":{"rendered":"http:\/\/sfpij.net\/?page_id=38"},"modified":"2023-05-25T10:40:11","modified_gmt":"2023-05-25T08:40:11","slug":"presentation","status":"publish","type":"page","link":"https:\/\/sfpij.net\/index.php\/revue-enfances-adolescences\/presentation\/","title":{"rendered":"Pr\u00e9sentation"},"content":{"rendered":"\n<p>La revue t\u00e9moigne de la richesse des r\u00e9flexions au sein de la SBFPDAEA en r\u00e9unissant des textes de praticiens de diff\u00e9rentes disciplines du champ de la sant\u00e9 mentale et de l\u2019adolescence.<\/p>\n\n\n\n<p>&nbsp;&nbsp;&nbsp; Elle pr\u00e9sente une premi\u00e8re partie rassemblant des textes autour d\u2019un th\u00e8me.<\/p>\n\n\n\n<p>&nbsp;&nbsp;&nbsp; Une deuxi\u00e8me partie accueille des textes originaux alimentant \u00e9changes et r\u00e9flexions ainsi que des prises de position \u00e9thiques et politiques en mati\u00e8re de soin et de pr\u00e9vention.<\/p>\n\n\n\n<p>&nbsp;&nbsp;&nbsp; A c\u00f4t\u00e9 d\u2019auteurs exp\u00e9riment\u00e9s, une place toute particuli\u00e8re est faite aux textes de jeunes auteurs.<\/p>\n\n\n\n<p><strong>Comit\u00e9 scientifique<\/strong><\/p>\n\n\n\n<p>G.Abatzoglou (Gr\u00e8ce), F. Ansermet (Suisse), J. Appelboom (Belgique), M. Berger (France), A. Bilongo Mifundu (RDCongo), B. Boileau (Canada), V. Delvenne (Belgique), G. de Villers (Belgique), Ch. Desmarez (GD Luxembourg), N. Georgieff (France), L. Gicquel (France), B. Golse (France), JY Hayez (Belgique), D. Houzel (France), Ph. Jeammet (France), M. Kimelman (Chili), A. Lasa (Espagne), Ch. Mille (France), D. Oppenheim (France), F. Palacio Espasa (Suisse), D. Purper, B. Pierrehumbert (Suisse), B. Seck (S\u00e9n\u00e9gal), J. Serrano (Belgique), M. Speranza (France), Ph. Van Meerbeeck (Belgique)<\/p>\n\n\n\n<p><strong>Coordination de la r\u00e9daction<\/strong><\/p>\n\n\n\n<p>Directrice de r\u00e9daction : M. Delhaye : Psychiatre infanto-juv\u00e9nile, ULB<br>Directeurs adjoints de r\u00e9daction : S. Marchini &amp; M. Poncelet : Psychiatre infanto-juv\u00e9nile, ULB<\/p>\n\n\n\n<p><strong>Membres du comit\u00e9 de r\u00e9daction<\/strong><\/p>\n\n\n\n<p>A. Blavier&nbsp;: Docteur en psychologie, ULG<\/p>\n\n\n\n<p>D. Charlier : Psychiatre infanto-juv\u00e9nile, UCL<\/p>\n\n\n\n<p>Ph. Kinoo : Psychiatre infanto-juv\u00e9nile, UCL<\/p>\n\n\n\n<p>Th. Lebrun : Psychiatre infanto-juv\u00e9nile, UCL<\/p>\n\n\n\n<p>C. van Pevenage : Docteur en psychologie, ULB<\/p>\n\n\n\n<p><strong>Pr\u00e9sentation des manuscrits<\/strong><\/p>\n\n\n\n<p>Les manuscrits sont adress\u00e9s \u00e0 la r\u00e9daction, au secr\u00e9tariat de la Revue, au mail&nbsp;: <a rel=\"noreferrer noopener\" href=\"mailto:SecMed.PIJ@erasme.ulb.ac.be\" target=\"_blank\">SecMed.PIJ@erasme.ulb.ac.be<\/a> et <a href=\"mailto:sfpij.revue.be@gmail.com\">sfpij.revue.be@gmail.com<\/a><\/p>\n\n\n\n<p>1. Les manuscrits doivent \u00eatre des textes originaux, ni publi\u00e9s, ni soumis pour publication \u00e0 une autre revue.<\/p>\n\n\n\n<p>2. Le contenu traitera de clinique, de formation, de recherche ou de th\u00e9orie, dans le champ de la sant\u00e9 mentale de l\u2019enfant ou de l\u2019adolescent.<\/p>\n\n\n\n<p>3. Le comit\u00e9 de r\u00e9daction lit les articles en aveugle et sollicite \u00e9ventuellement des modifications<\/p>\n\n\n\n<p>4. Les articles ne sont pas r\u00e9mun\u00e9r\u00e9s. Les auteurs doivent relire les \u00e9preuves adress\u00e9es et les renvoyer dans les d\u00e9lais demand\u00e9s par mail.<\/p>\n\n\n\n<p>5. La pr\u00e9sentation devra se conformer aux aspects suivants :<\/p>\n\n\n\n<p>&nbsp;&nbsp; &#8211; nom et pr\u00e9nom des auteurs, ainsi que leur titre et leurs adresses ;<\/p>\n\n\n\n<p>&nbsp;&nbsp; &#8211; un titre concis et descriptif ;<\/p>\n\n\n\n<p>&nbsp;&nbsp; &#8211; 3 \u00e0 10 mots cl\u00e9s ;<\/p>\n\n\n\n<p>&nbsp;&nbsp; &#8211; un r\u00e9sum\u00e9 de 150 \u00e0 200 mots ;<\/p>\n\n\n\n<p>&nbsp;&nbsp; &#8211; Titre, mots cl\u00e9s, en d\u00e9but d\u2019article, seront traduits en n\u00e9erlandais et en anglais ;<\/p>\n\n\n\n<p>&nbsp;&nbsp; &#8211; Les notations seront mentionn\u00e9es en bas de page avec un appel de note chiffr\u00e9 personnalis\u00e9 en continu dans tout le texte ;<\/p>\n\n\n\n<p>&nbsp;&nbsp; &#8211; Les r\u00e9f\u00e9rences bibliographiques, en fin d\u2019article, mentionneront par ordre alphab\u00e9tique : nom de l\u2019auteur, initiales du pr\u00e9nom, (ann\u00e9e de parution), titre de l\u2019article ou du livre, titre de l\u2019ouvrage qui inclut le texte, lieu, \u00e9diteur, pp.<\/p>\n\n\n\n<p>Exemple : HAYEZ J.-Y. (1999), Sexualit\u00e9 des enfants en \u00e2ge d\u2019\u00e9cole primaire, Perspectives psychiatriques, 38-4 : 282-2989.<\/p>\n\n\n\n<p>&nbsp;&nbsp; &#8211; Le texte continu sera pr\u00e9sent\u00e9 au format A4, police Arial 12 pt., maximum de 15 pages&nbsp;(soit par page :&nbsp; + 35 lignes de 70 signes avec un interligne de 1,5)<\/p>\n\n\n\n<p><strong>Adresse de la r\u00e9daction<\/strong> <a rel=\"noreferrer noopener\" href=\"mailto:SecMed.PIJ@erasme.ulb.ac.be\" target=\"_blank\">SecMed.PIJ@erasme.ulb.ac.be<\/a> et <a href=\"mailto:sfpij.revue.be@gmail.com\">sfpij.revue.be@gmail.com<\/a><br>(Merci d&rsquo;envoyer tout communication aux deux adresses mail)<\/p>\n","protected":false},"excerpt":{"rendered":"<p>La revue t\u00e9moigne de la richesse des r\u00e9flexions au sein de la SBFPDAEA en r\u00e9unissant des textes de praticiens de diff\u00e9rentes disciplines du champ de &hellip; <span class=\"ml-btn\"><a href=\"https:\/\/sfpij.net\/index.php\/revue-enfances-adolescences\/presentation\/\" class=\"more-link\">Read More<\/a><\/span><\/p>\n","protected":false},"author":1,"featured_media":0,"parent":34,"menu_order":1,"comment_status":"closed","ping_status":"closed","template":"","meta":{"footnotes":""},"class_list":["post-38","page","type-page","status-publish","hentry"],"_links":{"self":[{"href":"https:\/\/sfpij.net\/index.php\/wp-json\/wp\/v2\/pages\/38","targetHints":{"allow":["GET"]}}],"collection":[{"href":"https:\/\/sfpij.net\/index.php\/wp-json\/wp\/v2\/pages"}],"about":[{"href":"https:\/\/sfpij.net\/index.php\/wp-json\/wp\/v2\/types\/page"}],"author":[{"embeddable":true,"href":"https:\/\/sfpij.net\/index.php\/wp-json\/wp\/v2\/users\/1"}],"replies":[{"embeddable":true,"href":"https:\/\/sfpij.net\/index.php\/wp-json\/wp\/v2\/comments?post=38"}],"version-history":[{"count":10,"href":"https:\/\/sfpij.net\/index.php\/wp-json\/wp\/v2\/pages\/38\/revisions"}],"predecessor-version":[{"id":989,"href":"https:\/\/sfpij.net\/index.php\/wp-json\/wp\/v2\/pages\/38\/revisions\/989"}],"up":[{"embeddable":true,"href":"https:\/\/sfpij.net\/index.php\/wp-json\/wp\/v2\/pages\/34"}],"wp:attachment":[{"href":"https:\/\/sfpij.net\/index.php\/wp-json\/wp\/v2\/media?parent=38"}],"curies":[{"name":"wp","href":"https:\/\/api.w.org\/{rel}","templated":true}]}}