{"id":34,"date":"2021-08-01T15:33:49","date_gmt":"2021-08-01T13:33:49","guid":{"rendered":"http:\/\/sfpij.net\/?page_id=34"},"modified":"2025-01-06T10:40:01","modified_gmt":"2025-01-06T09:40:01","slug":"revue-enfances-adolescences","status":"publish","type":"page","link":"https:\/\/sfpij.net\/index.php\/revue-enfances-adolescences\/","title":{"rendered":"Revue Enfances Adolescences"},"content":{"rendered":"\n<p><a href=\"https:\/\/sfpij.net\/index.php\/revue-enfances-adolescences\/presentation\/\" data-type=\"page\" data-id=\"38\">Pr\u00e9sentation<\/a><\/p>\n\n\n\n<p><a href=\"https:\/\/sfpij.net\/index.php\/revue-enfances-adolescences\/enfances-adolescences-no-37\" data-type=\"page\">Dernier num\u00e9ro paru<\/a><\/p>\n\n\n\n<p><a href=\"https:\/\/sfpij.net\/index.php\/revue-enfances-adolescences\/numeros-parus\/\" data-type=\"page\" data-id=\"41\">Anciens num\u00e9ros<\/a><\/p>\n\n\n\n<p><\/p>\n","protected":false},"excerpt":{"rendered":"<p>Pr\u00e9sentation Dernier num\u00e9ro paru Anciens num\u00e9ros<\/p>\n","protected":false},"author":1,"featured_media":0,"parent":0,"menu_order":4,"comment_status":"closed","ping_status":"closed","template":"","meta":{"footnotes":""},"class_list":["post-34","page","type-page","status-publish","hentry"],"_links":{"self":[{"href":"https:\/\/sfpij.net\/index.php\/wp-json\/wp\/v2\/pages\/34","targetHints":{"allow":["GET"]}}],"collection":[{"href":"https:\/\/sfpij.net\/index.php\/wp-json\/wp\/v2\/pages"}],"about":[{"href":"https:\/\/sfpij.net\/index.php\/wp-json\/wp\/v2\/types\/page"}],"author":[{"embeddable":true,"href":"https:\/\/sfpij.net\/index.php\/wp-json\/wp\/v2\/users\/1"}],"replies":[{"embeddable":true,"href":"https:\/\/sfpij.net\/index.php\/wp-json\/wp\/v2\/comments?post=34"}],"version-history":[{"count":7,"href":"https:\/\/sfpij.net\/index.php\/wp-json\/wp\/v2\/pages\/34\/revisions"}],"predecessor-version":[{"id":1224,"href":"https:\/\/sfpij.net\/index.php\/wp-json\/wp\/v2\/pages\/34\/revisions\/1224"}],"wp:attachment":[{"href":"https:\/\/sfpij.net\/index.php\/wp-json\/wp\/v2\/media?parent=34"}],"curies":[{"name":"wp","href":"https:\/\/api.w.org\/{rel}","templated":true}]}}