{"id":31,"date":"2021-08-01T15:31:33","date_gmt":"2021-08-01T13:31:33","guid":{"rendered":"http:\/\/sfpij.net\/?page_id=31"},"modified":"2022-11-09T19:25:54","modified_gmt":"2022-11-09T18:25:54","slug":"international","status":"publish","type":"page","link":"https:\/\/sfpij.net\/index.php\/activites-scientifiques\/international\/","title":{"rendered":"International"},"content":{"rendered":"\n<p>La Soci\u00e9t\u00e9 est membre de la <a href=\"https:\/\/Iacapap.org\" data-type=\"URL\" data-id=\"https:\/\/Iacapap.org\">IACAPAP<\/a> et de l&rsquo;<a href=\"http:\/\/escap.eu\" data-type=\"URL\" data-id=\"http:\/\/escap.eu\">ESCAP<\/a>.<br>Toutes les informations sont transmises r\u00e9guli\u00e8rement : <strong><span class=\"has-inline-color has-vivid-red-color\"><a rel=\"noreferrer noopener\" href=\"https:\/\/sfpij.net\/index.php\/actualite\/\" target=\"_blank\">RDV au fil d&rsquo;actualit\u00e9 !<\/a><\/span><\/strong><\/p>\n\n\n\n<figure class=\"wp-block-image size-full is-resized\"><a href=\"http:\/\/escap.eu\/\"><img loading=\"lazy\" decoding=\"async\" src=\"https:\/\/sfpij.net\/wp-content\/uploads\/2021\/10\/escap-logo.jpg\" alt=\"\" class=\"wp-image-286\" width=\"143\" height=\"94\"\/><\/a><figcaption><a href=\"http:\/\/escap.eu\/\" data-type=\"URL\" data-id=\"http:\/\/escap.eu\/\" target=\"_blank\" rel=\"noreferrer noopener\">http:\/\/escap.eu\/<\/a><\/figcaption><\/figure>\n\n\n\n<p>Le 20\u00e8me Congr\u00e8s Europ\u00e9en de l&rsquo;ESCAP aura lieu \u00e0 Copenhagen (DK) du 29 juin au 1er juillet 2023.<br>Plus d&rsquo;informations sur le site de l&rsquo;\u00e9v\u00e8nement : <a rel=\"noreferrer noopener\" href=\"http:\/\/www.escap2023.eu\" target=\"_blank\">ESCAP 2023<\/a>.<\/p>\n\n\n\n<figure class=\"wp-block-image size-full is-resized\"><img loading=\"lazy\" decoding=\"async\" src=\"https:\/\/sfpij.net\/wp-content\/uploads\/2021\/10\/IACAPAP.png\" alt=\"\" class=\"wp-image-287\" width=\"306\" height=\"84\" srcset=\"https:\/\/sfpij.net\/wp-content\/uploads\/2021\/10\/IACAPAP.png 512w, https:\/\/sfpij.net\/wp-content\/uploads\/2021\/10\/IACAPAP-300x82.png 300w\" sizes=\"auto, (max-width: 306px) 100vw, 306px\" \/><figcaption><a href=\"https:\/\/iacapap.org\/\" target=\"_blank\" rel=\"noreferrer noopener\">https:\/\/iacapap.org\/<\/a><\/figcaption><\/figure>\n\n\n\n<p>Le 25\u00e8me Congr\u00e8s Mondial de la IACAPAP aura lieu \u00e0 Dubai (EAU) en d\u00e9cembre 2022.<br>Plus d&rsquo;informations sur le site de l&rsquo;\u00e9v\u00e8nement : <a rel=\"noreferrer noopener\" href=\"https:\/\/www.iacapap2022.com\/\" target=\"_blank\">IACAPAP 2022<\/a>. <\/p>\n\n\n\n<p><\/p>\n\n\n\n<p>La Soci\u00e9t\u00e9 collabore \u00e9troitement avec la <a rel=\"noreferrer noopener\" href=\"https:\/\/iepa.org.au\/\" target=\"_blank\">IEPA<\/a> (Association Internationale pour l&rsquo;Intervention Pr\u00e9coce en Sant\u00e9 Mentale), en particulier avec sa branche francophone (<a rel=\"noreferrer noopener\" href=\"https:\/\/iepa.org.au\/ifrancophone\/\" target=\"_blank\">IEPAf<\/a>).<\/p>\n\n\n\n<figure class=\"wp-block-image size-full is-resized\"><a href=\"https:\/\/iepa.org.au\/ifrancophone\/\" target=\"_blank\" rel=\"noopener\"><img loading=\"lazy\" decoding=\"async\" src=\"https:\/\/sfpij.net\/wp-content\/uploads\/2022\/03\/download.png\" alt=\"\" class=\"wp-image-355\" width=\"185\" height=\"211\"\/><\/a><figcaption><a href=\"https:\/\/iepa.org.au\/ifrancophone\/\" target=\"_blank\" rel=\"noreferrer noopener\">https:\/\/iepa.org.au\/ifrancophone\/<\/a><\/figcaption><\/figure>\n\n\n\n<p>La prochaine et 4\u00e8me journ\u00e9e de la IEPA francophone aura lieu en ligne vendredi 4 novembre 2022 \u00e0 partir de 13h00. Plus d&rsquo;informations sur le <strong><a rel=\"noreferrer noopener\" href=\"https:\/\/sfpij.net\/index.php\/2022\/09\/30\/4eme-congres-iepa-francophone\/\" target=\"_blank\"><mark style=\"background-color:#0693e3\" class=\"has-inline-color has-white-color\">fil d&rsquo;actualit\u00e9 de notre site !<\/mark><\/a><\/strong><\/p>\n","protected":false},"excerpt":{"rendered":"<p>La Soci\u00e9t\u00e9 est membre de la IACAPAP et de l&rsquo;ESCAP.Toutes les informations sont transmises r\u00e9guli\u00e8rement : RDV au fil d&rsquo;actualit\u00e9 ! Le 20\u00e8me Congr\u00e8s Europ\u00e9en &hellip; <span class=\"ml-btn\"><a href=\"https:\/\/sfpij.net\/index.php\/activites-scientifiques\/international\/\" class=\"more-link\">Read More<\/a><\/span><\/p>\n","protected":false},"author":1,"featured_media":0,"parent":26,"menu_order":2,"comment_status":"closed","ping_status":"closed","template":"","meta":{"footnotes":""},"class_list":["post-31","page","type-page","status-publish","hentry"],"_links":{"self":[{"href":"https:\/\/sfpij.net\/index.php\/wp-json\/wp\/v2\/pages\/31","targetHints":{"allow":["GET"]}}],"collection":[{"href":"https:\/\/sfpij.net\/index.php\/wp-json\/wp\/v2\/pages"}],"about":[{"href":"https:\/\/sfpij.net\/index.php\/wp-json\/wp\/v2\/types\/page"}],"author":[{"embeddable":true,"href":"https:\/\/sfpij.net\/index.php\/wp-json\/wp\/v2\/users\/1"}],"replies":[{"embeddable":true,"href":"https:\/\/sfpij.net\/index.php\/wp-json\/wp\/v2\/comments?post=31"}],"version-history":[{"count":12,"href":"https:\/\/sfpij.net\/index.php\/wp-json\/wp\/v2\/pages\/31\/revisions"}],"predecessor-version":[{"id":680,"href":"https:\/\/sfpij.net\/index.php\/wp-json\/wp\/v2\/pages\/31\/revisions\/680"}],"up":[{"embeddable":true,"href":"https:\/\/sfpij.net\/index.php\/wp-json\/wp\/v2\/pages\/26"}],"wp:attachment":[{"href":"https:\/\/sfpij.net\/index.php\/wp-json\/wp\/v2\/media?parent=31"}],"curies":[{"name":"wp","href":"https:\/\/api.w.org\/{rel}","templated":true}]}}