{"id":29,"date":"2021-08-01T15:28:42","date_gmt":"2021-08-01T13:28:42","guid":{"rendered":"http:\/\/sfpij.net\/?page_id=29"},"modified":"2023-02-05T21:09:17","modified_gmt":"2023-02-05T20:09:17","slug":"prochaine-journee","status":"publish","type":"page","link":"https:\/\/sfpij.net\/index.php\/activites-scientifiques\/prochaine-journee\/","title":{"rendered":"Prochaine Journ\u00e9e de la SBFPDAEA"},"content":{"rendered":"\n<h2 class=\"has-text-align-center wp-block-heading\">\u00ab\u00a0Evolution Soci\u00e9tale et Pathologies Emergentes\u00a0\u00bb<\/h2>\n\n\n\n<p class=\"has-text-align-center\"><mark style=\"background-color:rgba(0, 0, 0, 0)\" class=\"has-inline-color has-vivid-red-color\"><strong>vendredi 27 janvier<\/strong>\u00a0<strong>2023<\/strong><\/mark><br>dans l&rsquo;Auditoire Maisin<br>Avenue Emmanuel Mounier 51, 1200 Woluwe-Saint-Lambert<\/p>\n\n\n\n<p><strong><em>Inscriptions :<\/em><\/strong> en ligne via le lien suivant&nbsp;<a rel=\"noreferrer noopener\" href=\"https:\/\/forms.gle\/Fj2Y95xQUN1nnhbd8\" target=\"_blank\"><mark style=\"background-color:#cf2e2e\" class=\"has-inline-color\"><strong>CLIQUEZ ICI POUR VOUS INSCRIRE<\/strong><\/mark><\/a>&nbsp;<\/p>\n\n\n\n<p><strong><em>Tarif :<\/em><\/strong> <\/p>\n\n\n\n<ul class=\"wp-block-list\"><li><strong>gratuit <\/strong>pour les membres de la SBFPDAEA en ordre de cotisation <\/li><li><strong>50 euros<\/strong> pour les non-membres de la SBFPDEA (paiement par virement le compte : BE07 0016 8979 5166)<\/li><\/ul>\n\n\n\n<p>Il est possible de contacter les organisateurs \u00e0 l\u2019adresse mail\u00a0: <a href=\"mailto:sfpij.be@gmail.com\"><strong>sfpij.be@gmail.com<\/strong><\/a><\/p>\n\n\n\n<p>Les enregistrements des interventions sont accessibles aux membres en ordre de cotisation <a rel=\"noreferrer noopener\" href=\"https:\/\/sfpij.net\/index.php\/2023\/02\/05\/replay-de-la-derniere-journee-sbfpdaea\/\" target=\"_blank\"><strong>via le suivant lien<\/strong><\/a>.<\/p>\n\n\n\n<div data-wp-interactive=\"core\/file\" class=\"wp-block-file aligncenter\"><object data-wp-bind--hidden=\"!state.hasPdfPreview\" hidden class=\"wp-block-file__embed\" data=\"https:\/\/sfpij.net\/wp-content\/uploads\/2022\/12\/Seminaire-janvier-2023.pdf\" type=\"application\/pdf\" style=\"width:100%;height:600px\" aria-label=\"Contenu embarqu\u00e9 Contenu embarqu\u00e9 Seminaire-janvier-2023..\"><\/object><a id=\"wp-block-file--media-2c353693-e62b-4d3d-89fb-b2f3f06ea50b\" href=\"https:\/\/sfpij.net\/wp-content\/uploads\/2022\/12\/Seminaire-janvier-2023.pdf\">Seminaire-janvier-2023<\/a><a href=\"https:\/\/sfpij.net\/wp-content\/uploads\/2022\/12\/Seminaire-janvier-2023.pdf\" class=\"wp-block-file__button\" download aria-describedby=\"wp-block-file--media-2c353693-e62b-4d3d-89fb-b2f3f06ea50b\">T\u00e9l\u00e9charger<\/a><\/div>\n\n\n\n<p><\/p>\n\n\n\n<h1 class=\"wp-block-heading\">Journ\u00e9es de nos partenaires<\/h1>\n\n\n\n<h2 class=\"has-text-align-center wp-block-heading\">Colloque de la Chaire de Psychiatrie de Transition<\/h2>\n\n\n\n<p class=\"has-text-align-center\">\u00ab&nbsp;<strong><span class=\"has-inline-color has-vivid-red-color\">QUELLE PARTICIPATION POUR LES JEUNES DANS LA TRANSITION <\/span><\/strong><span class=\"has-inline-color has-vivid-red-color\"><strong>16-23 ANS<\/strong>&nbsp;?<\/span>&nbsp;\u00bb<br><strong>vendredi 6 mai<\/strong>&nbsp;<strong>2022<\/strong><br>au b\u00e2timent W, Campus Erasme, Route de Lennik 808, 1070 Bruxelles<\/p>\n\n\n\n<div class=\"wp-block-image\"><figure class=\"aligncenter size-full\"><img loading=\"lazy\" decoding=\"async\" width=\"676\" height=\"473\" src=\"https:\/\/sfpij.net\/wp-content\/uploads\/2022\/04\/transition2022.png\" alt=\"\" class=\"wp-image-449\" srcset=\"https:\/\/sfpij.net\/wp-content\/uploads\/2022\/04\/transition2022.png 676w, https:\/\/sfpij.net\/wp-content\/uploads\/2022\/04\/transition2022-300x210.png 300w\" sizes=\"auto, (max-width: 676px) 100vw, 676px\" \/><\/figure><\/div>\n\n\n\n<div class=\"wp-block-image\"><figure class=\"aligncenter size-full\"><img loading=\"lazy\" decoding=\"async\" width=\"670\" height=\"477\" src=\"https:\/\/sfpij.net\/wp-content\/uploads\/2022\/04\/transition2022_01.png\" alt=\"\" class=\"wp-image-451\" srcset=\"https:\/\/sfpij.net\/wp-content\/uploads\/2022\/04\/transition2022_01.png 670w, https:\/\/sfpij.net\/wp-content\/uploads\/2022\/04\/transition2022_01-300x214.png 300w\" sizes=\"auto, (max-width: 670px) 100vw, 670px\" \/><\/figure><\/div>\n\n\n\n<p class=\"has-text-align-center\"><br>D\u00e9tails de l&rsquo;\u00e9v\u00e8nement et de l\u2019inscription en cliquant sur&nbsp;<a href=\"https:\/\/huderf.maglr.com\/transition-colloque\">la page Web du colloque<\/a><br>ainsi que le formulaire d\u2019inscription via le QR Code ou le lien que nous vous envoyons \u00e9galement ici&nbsp;:&nbsp;<a rel=\"noreferrer noopener\" href=\"https:\/\/forms.gle\/1q6fJ1kgzzGAvLwB9\" target=\"_blank\">lien inscription<\/a>.<\/p>\n\n\n\n<p class=\"has-text-align-center\">L\u2019inscription est obligatoire, et est possible jusqu\u2019au&nbsp;<strong>30 avril 2022<\/strong>&nbsp;\u00e0 minuit.<\/p>\n\n\n\n<p class=\"has-text-align-center\">Il est possible de contacter les organisateurs \u00e0 l\u2019adresse mail&nbsp;:&nbsp;<a rel=\"noreferrer noopener\" href=\"mailto:transition.psy@huderf.be\" target=\"_blank\">transition.psy@huderf.be<\/a><\/p>\n\n\n\n<p class=\"has-text-align-center\"><strong>Accr\u00e9ditation demand\u00e9e en \u00e9thique et \u00e9conomie pour le colloque<\/strong><\/p>\n\n\n\n<figure class=\"wp-block-embed aligncenter is-type-video is-provider-youtube wp-block-embed-youtube wp-embed-aspect-16-9 wp-has-aspect-ratio\"><div class=\"wp-block-embed__wrapper\">\n<iframe loading=\"lazy\" title=\"COLLOQUE &quot;Quelles Avanc\u00e9es pour la Transition Psy 16 - 23 ans ?&quot; - 3 septembre 2021\" width=\"1170\" height=\"658\" src=\"https:\/\/www.youtube.com\/embed\/videoseries?list=PLfzB8anVOR9Jei5-c5gJuoSR0utKWWtUY\" frameborder=\"0\" allow=\"accelerometer; autoplay; clipboard-write; encrypted-media; gyroscope; picture-in-picture; web-share\" allowfullscreen><\/iframe>\n<\/div><figcaption>Regardez les interventions du Colloque 2021 sur la <a href=\"https:\/\/www.youtube.com\/channel\/UCykyONJniP2xTWnlw5yZMRQ\/featured\" target=\"_blank\" rel=\"noreferrer noopener\">Cha\u00eene YouTube<\/a> de la Chaire de Psychiatrie de Transition. <\/figcaption><\/figure>\n","protected":false},"excerpt":{"rendered":"<p>\u00ab\u00a0Evolution Soci\u00e9tale et Pathologies Emergentes\u00a0\u00bb vendredi 27 janvier\u00a02023dans l&rsquo;Auditoire MaisinAvenue Emmanuel Mounier 51, 1200 Woluwe-Saint-Lambert Inscriptions : en ligne via le lien suivant&nbsp;CLIQUEZ ICI POUR &hellip; <span class=\"ml-btn\"><a href=\"https:\/\/sfpij.net\/index.php\/activites-scientifiques\/prochaine-journee\/\" class=\"more-link\">Read More<\/a><\/span><\/p>\n","protected":false},"author":1,"featured_media":0,"parent":26,"menu_order":1,"comment_status":"closed","ping_status":"closed","template":"","meta":{"footnotes":""},"class_list":["post-29","page","type-page","status-publish","hentry"],"_links":{"self":[{"href":"https:\/\/sfpij.net\/index.php\/wp-json\/wp\/v2\/pages\/29","targetHints":{"allow":["GET"]}}],"collection":[{"href":"https:\/\/sfpij.net\/index.php\/wp-json\/wp\/v2\/pages"}],"about":[{"href":"https:\/\/sfpij.net\/index.php\/wp-json\/wp\/v2\/types\/page"}],"author":[{"embeddable":true,"href":"https:\/\/sfpij.net\/index.php\/wp-json\/wp\/v2\/users\/1"}],"replies":[{"embeddable":true,"href":"https:\/\/sfpij.net\/index.php\/wp-json\/wp\/v2\/comments?post=29"}],"version-history":[{"count":16,"href":"https:\/\/sfpij.net\/index.php\/wp-json\/wp\/v2\/pages\/29\/revisions"}],"predecessor-version":[{"id":798,"href":"https:\/\/sfpij.net\/index.php\/wp-json\/wp\/v2\/pages\/29\/revisions\/798"}],"up":[{"embeddable":true,"href":"https:\/\/sfpij.net\/index.php\/wp-json\/wp\/v2\/pages\/26"}],"wp:attachment":[{"href":"https:\/\/sfpij.net\/index.php\/wp-json\/wp\/v2\/media?parent=29"}],"curies":[{"name":"wp","href":"https:\/\/api.w.org\/{rel}","templated":true}]}}