{"id":20,"date":"2021-08-01T15:21:08","date_gmt":"2021-08-01T13:21:08","guid":{"rendered":"http:\/\/sfpij.net\/?page_id=20"},"modified":"2023-11-09T16:36:51","modified_gmt":"2023-11-09T15:36:51","slug":"qui-sommes-nous","status":"publish","type":"page","link":"https:\/\/sfpij.net\/index.php\/qui-sommes-nous\/","title":{"rendered":"Qui sommes-nous ?"},"content":{"rendered":"\n<p><strong>Historique<\/strong><\/p>\n\n\n\n<p>&nbsp;&nbsp;&nbsp; D\u00e8s son origine, la soci\u00e9t\u00e9 s\u2019est montr\u00e9e ouverte aux secteurs tr\u00e8s vari\u00e9s de la pratique en sant\u00e9 mentale dans ses diff\u00e9rents lieux et cadres avec une sp\u00e9cificit\u00e9 scientifique.<\/p>\n\n\n\n<p>&nbsp;&nbsp;&nbsp; Les approches ou mod\u00e8les th\u00e9oriques y ont toujours \u00e9t\u00e9 divers : de la psychanalyse \u00e0 la syst\u00e9mique en passant par les r\u00e9flexions d\u00e9veloppementales et comportementales, de l\u2019\u00e9pid\u00e9miologie \u00e0 la r\u00e9flexion sociologique en incluant la recherche scientifique et la formation.<\/p>\n\n\n\n<p><strong>Objectifs<\/strong><\/p>\n\n\n\n<p>&nbsp;&nbsp;&nbsp; L&rsquo;association a pour objet social principal de r\u00e9unir des praticiens des diff\u00e9rentes disciplines cliniques \u0153uvrant dans le champ de la sant\u00e9 mentale infanto-juv\u00e9nile, au sein d&rsquo;une association \u00e0 caract\u00e8re essentiellement scientifique, dans le but d&rsquo;\u00e9changer et de mener des r\u00e9flexions concernant aussi bien :<\/p>\n\n\n\n<ul class=\"wp-block-list\">\n<li>Les secteurs tr\u00e8s vari\u00e9s de la pratique infanto-juv\u00e9nile, de l&rsquo;h\u00f4pital au Centre PMS, de la consultation ou de l&rsquo;institution publique au cabinet priv\u00e9 ;<\/li>\n\n\n\n<li>Les approches ou mod\u00e8les th\u00e9oriques divers tant de la psychanalyse \u00e0 la syst\u00e9mique que de l&rsquo;\u00e9pid\u00e9miologie, la r\u00e9flexion sociologique, la recherche &#8230;<\/li>\n<\/ul>\n\n\n\n<p>&nbsp;&nbsp;&nbsp; Elle poursuit son objet par tous moyens et notamment :<\/p>\n\n\n\n<p>&nbsp;&nbsp;&nbsp; 1\u00b0 l&rsquo;organisation de s\u00e9minaires, de colloques, de conf\u00e9rences &#8230;<\/p>\n\n\n\n<p>&nbsp;&nbsp;&nbsp; 2\u00b0 la promotion de l&rsquo;information, la diffusion et la publication dans le domaine de la sant\u00e9 mentale infanto-juv\u00e9nile, sous quelque forme que ce soit, dont une revue, pilot\u00e9e par un comit\u00e9 scientifique et un comit\u00e9 de r\u00e9daction, et fonctionnant sous le mode de groupes de pairs ;<\/p>\n\n\n\n<p>&nbsp;&nbsp;&nbsp; 3\u00b0 le soutien \u00e0 des groupes de travail se r\u00e9unissant de mani\u00e8re r\u00e9guli\u00e8re pour pr\u00e9parer une journ\u00e9e pl\u00e9ni\u00e8re ou poursuivre une r\u00e9flexion.<\/p>\n\n\n\n<p>&nbsp;&nbsp;&nbsp; La Soci\u00e9t\u00e9 peut poser tout acte se rapportant directement ou indirectement \u00e0 son objectif. Elle peut notamment pr\u00eater son concours et s&rsquo;int\u00e9resser \u00e0 toute activit\u00e9 similaire \u00e0 son objet.<\/p>\n\n\n\n<p><strong>Conseil d\u2019Administration<\/strong><\/p>\n\n\n\n<p><em>Bureau&nbsp;:<\/em><\/p>\n\n\n\n<ul class=\"wp-block-list\">\n<li>Pr Marie Delhaye\u00a0: <a href=\"mailto:president.sfpij@gmail.com\" data-type=\"mailto\" data-id=\"mailto:president.sfpij@gmail.com\" target=\"_blank\" rel=\"noreferrer noopener\">Pr\u00e9sidente<\/a><\/li>\n\n\n\n<li>Dr Mouna Al Husni&nbsp;: Vice-Pr\u00e9sidente<\/li>\n\n\n\n<li>Pr Sophie Symann&nbsp;: Secr\u00e9taire&nbsp;<\/li>\n\n\n\n<li>Dr Simone Marchini&nbsp;: Tr\u00e9sorier<\/li>\n<\/ul>\n\n\n\n<p><em>Administrateurs<\/em>&nbsp;:<\/p>\n\n\n\n<p>Ad\u00e9la\u00efde Blavier, Dominique Charlier, Emmanuel de Becker, Anne Fran\u00e7ois, Thimoty Hennebicq, Philippe Kinoo, Thierry Lebrun, Alain Malchair, Marie Poncelet, Joana Reis, Claire Van Pevenage.<\/p>\n","protected":false},"excerpt":{"rendered":"<p>Historique &nbsp;&nbsp;&nbsp; D\u00e8s son origine, la soci\u00e9t\u00e9 s\u2019est montr\u00e9e ouverte aux secteurs tr\u00e8s vari\u00e9s de la pratique en sant\u00e9 mentale dans ses diff\u00e9rents lieux et &hellip; <span class=\"ml-btn\"><a href=\"https:\/\/sfpij.net\/index.php\/qui-sommes-nous\/\" class=\"more-link\">Read More<\/a><\/span><\/p>\n","protected":false},"author":1,"featured_media":0,"parent":0,"menu_order":1,"comment_status":"closed","ping_status":"closed","template":"","meta":{"footnotes":""},"class_list":["post-20","page","type-page","status-publish","hentry"],"_links":{"self":[{"href":"https:\/\/sfpij.net\/index.php\/wp-json\/wp\/v2\/pages\/20","targetHints":{"allow":["GET"]}}],"collection":[{"href":"https:\/\/sfpij.net\/index.php\/wp-json\/wp\/v2\/pages"}],"about":[{"href":"https:\/\/sfpij.net\/index.php\/wp-json\/wp\/v2\/types\/page"}],"author":[{"embeddable":true,"href":"https:\/\/sfpij.net\/index.php\/wp-json\/wp\/v2\/users\/1"}],"replies":[{"embeddable":true,"href":"https:\/\/sfpij.net\/index.php\/wp-json\/wp\/v2\/comments?post=20"}],"version-history":[{"count":9,"href":"https:\/\/sfpij.net\/index.php\/wp-json\/wp\/v2\/pages\/20\/revisions"}],"predecessor-version":[{"id":1078,"href":"https:\/\/sfpij.net\/index.php\/wp-json\/wp\/v2\/pages\/20\/revisions\/1078"}],"wp:attachment":[{"href":"https:\/\/sfpij.net\/index.php\/wp-json\/wp\/v2\/media?parent=20"}],"curies":[{"name":"wp","href":"https:\/\/api.w.org\/{rel}","templated":true}]}}