{"id":161,"date":"2021-08-02T10:50:20","date_gmt":"2021-08-02T08:50:20","guid":{"rendered":"http:\/\/sfpij.net\/?page_id=161"},"modified":"2022-03-18T18:27:50","modified_gmt":"2022-03-18T17:27:50","slug":"acces-membre","status":"publish","type":"page","link":"https:\/\/sfpij.net\/index.php\/acces-membre\/","title":{"rendered":"Membre"},"content":{"rendered":"\n<p>Une connexion en tant que Membre SBFPDAEA vous donne acc\u00e8s aux contenus complets du site, y compris les PDFs de la Revue Enfances Adolescences, les s\u00e9minaires online et les supports scientifiques actualis\u00e9s.<\/p>\n\n\n\n<ul class=\"wp-block-list\"><li>Si vous avez d\u00e9j\u00e0 un compte, cliquez ici : <a href=\"https:\/\/sfpij.net\/index.php\/membership-login\/\">Se connecter<\/a>.<\/li><\/ul>\n\n\n\n<ul class=\"wp-block-list\"><li>Si vous avez perdu votre mot de passe, cliquez ici : <a href=\"https:\/\/sfpij.net\/index.php\/membership-login\/password-reset\/\">Demander un nouveau mot de passe<\/a>.<\/li><\/ul>\n\n\n\n<ul class=\"wp-block-list\"><li>Si vous \u00eates membre de la soci\u00e9t\u00e9 mais n&rsquo;avez pas encore de compte, cliquez ici : <a href=\"https:\/\/sfpij.net\/index.php\/membership-join\/membership-registration\/\">Cr\u00e9er un compte<\/a>. Notez que nous devrons valider votre demande avant que vous puissiez poursuivre votre inscription.<\/li><\/ul>\n\n\n\n<p><\/p>\n\n\n\n<p><ul><li><a href=\"https:\/\/sfpij.net\/index.php\/acces-membre\/membership-login\/?swpm-logout=true\">Se d\u00e9connecter<\/a>.<\/li><\/ul><\/p>\n","protected":false},"excerpt":{"rendered":"<p>Une connexion en tant que Membre SBFPDAEA vous donne acc\u00e8s aux contenus complets du site, y compris les PDFs de la Revue Enfances Adolescences, les &hellip; <span class=\"ml-btn\"><a href=\"https:\/\/sfpij.net\/index.php\/acces-membre\/\" class=\"more-link\">Read More<\/a><\/span><\/p>\n","protected":false},"author":1,"featured_media":0,"parent":0,"menu_order":0,"comment_status":"closed","ping_status":"closed","template":"","meta":{"footnotes":""},"class_list":["post-161","page","type-page","status-publish","hentry"],"_links":{"self":[{"href":"https:\/\/sfpij.net\/index.php\/wp-json\/wp\/v2\/pages\/161","targetHints":{"allow":["GET"]}}],"collection":[{"href":"https:\/\/sfpij.net\/index.php\/wp-json\/wp\/v2\/pages"}],"about":[{"href":"https:\/\/sfpij.net\/index.php\/wp-json\/wp\/v2\/types\/page"}],"author":[{"embeddable":true,"href":"https:\/\/sfpij.net\/index.php\/wp-json\/wp\/v2\/users\/1"}],"replies":[{"embeddable":true,"href":"https:\/\/sfpij.net\/index.php\/wp-json\/wp\/v2\/comments?post=161"}],"version-history":[{"count":10,"href":"https:\/\/sfpij.net\/index.php\/wp-json\/wp\/v2\/pages\/161\/revisions"}],"predecessor-version":[{"id":419,"href":"https:\/\/sfpij.net\/index.php\/wp-json\/wp\/v2\/pages\/161\/revisions\/419"}],"wp:attachment":[{"href":"https:\/\/sfpij.net\/index.php\/wp-json\/wp\/v2\/media?parent=161"}],"curies":[{"name":"wp","href":"https:\/\/api.w.org\/{rel}","templated":true}]}}