{"id":1207,"date":"2024-09-27T18:28:54","date_gmt":"2024-09-27T16:28:54","guid":{"rendered":"https:\/\/sfpij.net\/?page_id=1207"},"modified":"2025-11-17T20:06:26","modified_gmt":"2025-11-17T19:06:26","slug":"enfances-adolescences-no-37-2024-1","status":"publish","type":"page","link":"https:\/\/sfpij.net\/index.php\/revue-enfances-adolescences\/enfances-adolescences-no-37-2024-1\/","title":{"rendered":"Enfances Adolescences n\u00ba 37 \u2013 2024\/1"},"content":{"rendered":"\n<div class=\"wp-block-media-text alignwide is-stacked-on-mobile\"><figure class=\"wp-block-media-text__media\"><img decoding=\"async\" src=\"https:\/\/sfpij.net\/wp-content\/uploads\/2024\/09\/EA37_Revue_couv.png\" alt=\"\" class=\"wp-image-1113 size-full\"\/><\/figure><div class=\"wp-block-media-text__content\">\n<p><strong><em><mark style=\"background-color:rgba(0, 0, 0, 0)\" class=\"has-inline-color has-vivid-red-color\">\u00ab De lignes de failles en lignes de Forces&nbsp;\u00bb :<\/mark><\/em><\/strong><\/p>\n\n\n\n<p><strong><em><mark style=\"background-color:rgba(0, 0, 0, 0)\" class=\"has-inline-color has-vivid-red-color\">\u00c9volution de la psychoth\u00e9rapie institutionnelle d\u2019enfants au c\u0153ur de la soci\u00e9t\u00e9 actuelle<\/mark><\/em><\/strong><\/p>\n\n\n\n<p><strong><em><mark style=\"background-color:rgba(0, 0, 0, 0)\" class=\"has-inline-color has-vivid-red-color\">Journ\u00e9e anniversaire du KaPP (CUSL-UCL) du 18\/11\/2022<\/mark><\/em><\/strong><\/p>\n\n\n\n<p><\/p>\n\n\n\n<p>En acc\u00e8s libre :<\/p>\n\n\n\n<ul class=\"wp-block-list\">\n<li><a href=\"https:\/\/sfpij.net\/wp-content\/uploads\/2024\/09\/EA37_Revue_sommaire.pdf\">Sommaire<\/a><\/li>\n\n\n\n<li><a href=\"https:\/\/sfpij.net\/wp-content\/uploads\/2024\/09\/EA37_Revue_edito.pdf\">\u00c9ditorial<\/a><\/li>\n<\/ul>\n\n\n\n<p>R\u00e9serv\u00e9 aux membres :<\/p>\n\n\n\n<ul class=\"wp-block-list\">\n<li><a href=\"https:\/\/sfpij.net\/index.php\/pdf-enfances-adolescences-no-37-2024-1\/\">Revue en PDF<\/a><\/li>\n<\/ul>\n<\/div><\/div>\n\n\n\n<div style=\"height:100px\" aria-hidden=\"true\" class=\"wp-block-spacer\"><\/div>\n\n\n\n<ul class=\"wp-block-list\">\n<li><a href=\"https:\/\/sfpij.net\/index.php\/revue-enfances-adolescences\/presentation\/\">Pr\u00e9sentation de la Revue Enfances Adolescences<\/a><\/li>\n\n\n\n<li><a href=\"https:\/\/sfpij.net\/index.php\/revue-enfances-adolescences\/numeros-parus\/\">Anciens num\u00e9ros<\/a><\/li>\n<\/ul>\n\n\n\n<p><a href=\"https:\/\/sfpij.net\/wp-admin\/post.php?post=76&amp;action=edit\"><\/a><\/p>\n\n\n\n<p><\/p>\n","protected":false},"excerpt":{"rendered":"","protected":false},"author":1,"featured_media":0,"parent":34,"menu_order":0,"comment_status":"closed","ping_status":"closed","template":"","meta":{"footnotes":""},"class_list":["post-1207","page","type-page","status-publish","hentry"],"_links":{"self":[{"href":"https:\/\/sfpij.net\/index.php\/wp-json\/wp\/v2\/pages\/1207","targetHints":{"allow":["GET"]}}],"collection":[{"href":"https:\/\/sfpij.net\/index.php\/wp-json\/wp\/v2\/pages"}],"about":[{"href":"https:\/\/sfpij.net\/index.php\/wp-json\/wp\/v2\/types\/page"}],"author":[{"embeddable":true,"href":"https:\/\/sfpij.net\/index.php\/wp-json\/wp\/v2\/users\/1"}],"replies":[{"embeddable":true,"href":"https:\/\/sfpij.net\/index.php\/wp-json\/wp\/v2\/comments?post=1207"}],"version-history":[{"count":5,"href":"https:\/\/sfpij.net\/index.php\/wp-json\/wp\/v2\/pages\/1207\/revisions"}],"predecessor-version":[{"id":1236,"href":"https:\/\/sfpij.net\/index.php\/wp-json\/wp\/v2\/pages\/1207\/revisions\/1236"}],"up":[{"embeddable":true,"href":"https:\/\/sfpij.net\/index.php\/wp-json\/wp\/v2\/pages\/34"}],"wp:attachment":[{"href":"https:\/\/sfpij.net\/index.php\/wp-json\/wp\/v2\/media?parent=1207"}],"curies":[{"name":"wp","href":"https:\/\/api.w.org\/{rel}","templated":true}]}}